{"id":3,"date":"2023-06-26T19:47:53","date_gmt":"2023-06-26T22:47:53","guid":{"rendered":"http:\/\/fumicultura.com.br\/en\/?page_id=3"},"modified":"2023-08-09T20:47:01","modified_gmt":"2023-08-09T23:47:01","slug":"politica","status":"publish","type":"page","link":"https:\/\/fumicultura.com.br\/en\/politica\/","title":{"rendered":"Pol\u00edtica de privacidade"},"content":{"rendered":"\t\t<div data-elementor-type=\"wp-page\" data-elementor-id=\"3\" class=\"elementor elementor-3\">\n\t\t\t\t\t\t<section class=\"elementor-section elementor-top-section elementor-element elementor-element-36217ce0 elementor-section-boxed elementor-section-height-default elementor-section-height-default\" data-id=\"36217ce0\" data-element_type=\"section\">\n\t\t\t\t\t\t<div class=\"elementor-container elementor-column-gap-default\">\n\t\t\t\t\t<div class=\"elementor-column elementor-col-100 elementor-top-column elementor-element elementor-element-25afb117\" data-id=\"25afb117\" data-element_type=\"column\">\n\t\t\t<div class=\"elementor-widget-wrap elementor-element-populated\">\n\t\t\t\t\t\t<div class=\"elementor-element elementor-element-291b22d0 elementor-widget elementor-widget-text-editor\" data-id=\"291b22d0\" data-element_type=\"widget\" data-widget_type=\"text-editor.default\">\n\t\t\t\t<div class=\"elementor-widget-container\">\n\t\t\t<style>\/*! elementor - v3.22.0 - 26-06-2024 *\/\n.elementor-widget-text-editor.elementor-drop-cap-view-stacked .elementor-drop-cap{background-color:#69727d;color:#fff}.elementor-widget-text-editor.elementor-drop-cap-view-framed .elementor-drop-cap{color:#69727d;border:3px solid;background-color:transparent}.elementor-widget-text-editor:not(.elementor-drop-cap-view-default) .elementor-drop-cap{margin-top:8px}.elementor-widget-text-editor:not(.elementor-drop-cap-view-default) .elementor-drop-cap-letter{width:1em;height:1em}.elementor-widget-text-editor .elementor-drop-cap{float:left;text-align:center;line-height:1;font-size:50px}.elementor-widget-text-editor .elementor-drop-cap-letter{display:inline-block}<\/style>\t\t\t\t<p><!-- wp:heading --><!-- \/wp:heading --><!-- wp:paragraph --><\/p>\n<h3 class=\"font_6\">Pol\u00edtica de Privacidade<\/h3>\n<p class=\"font_8\">A sua privacidade \u00e9 importante para n\u00f3s. \u00c9 pol\u00edtica do APFumo respeitar a sua privacidade em rela\u00e7\u00e3o a qualquer informa\u00e7\u00e3o sua que possamos coletar no site, e outros sites que possu\u00edmos e operamos. Solicitamos informa\u00e7\u00f5es pessoais apenas quando realmente precisamos delas para lhe fornecer um servi\u00e7o. Fazemo-lo por meios justos e legais, com o seu conhecimento e consentimento. Tamb\u00e9m informamos por que estamos coletando e como ser\u00e1 usado.<\/p>\n<p class=\"font_8\">Apenas retemos as informa\u00e7\u00f5es coletadas pelo tempo necess\u00e1rio para fornecer o servi\u00e7o solicitado. Quando armazenamos dados, protegemos dentro de meios comercialmente aceit\u00e1veis para evitar perdas e roubos, bem como acesso, divulga\u00e7\u00e3o, c\u00f3pia, uso ou modifica\u00e7\u00e3o n\u00e3o autorizados. N\u00e3o compartilhamos informa\u00e7\u00f5es de identifica\u00e7\u00e3o pessoal publicamente ou com terceiros, exceto quando exigido por lei. O nosso site pode ter links para sites externos que n\u00e3o s\u00e3o operados por n\u00f3s. Esteja ciente de que n\u00e3o temos controle sobre o conte\u00fado e pr\u00e1ticas desses sites.<\/p>\n<p class=\"font_8\">Voc\u00ea \u00e9 livre para recusar a nossa solicita\u00e7\u00e3o de informa\u00e7\u00f5es pessoais, entendendo que talvez n\u00e3o possamos fornecer alguns dos servi\u00e7os desejados. O uso continuado de nosso site ser\u00e1 considerado como aceita\u00e7\u00e3o de nossas pr\u00e1ticas em torno de privacidade e informa\u00e7\u00f5es pessoais. Se voc\u00ea tiver alguma d\u00favida sobre como lidamos com dados do usu\u00e1rio e informa\u00e7\u00f5es pessoais, entre em contato conosco.<\/p>\n<h6 class=\"font_6\">Permiss\u00f5es<\/h6>\n<p class=\"font_8\">Para o correto funcionamento do App \u00e9 necess\u00e1rio que voc\u00ea permita que o aplicativo acesse recursos nativos do dispositivo esses recursos s\u00e3o: Vibra\u00e7\u00e3o, funcionamento em segundo plano, notifica\u00e7\u00e3o em tela de bloqueio e toque sonoro.<\/p>\n<h6 class=\"font_6\">Informa\u00e7\u00f5es coletadas<\/h6>\n<p class=\"font_8\">Informa\u00e7\u00f5es de identifica\u00e7\u00e3o como e-mail e telefone podem ser solicitadas como estrat\u00e9gia de seguran\u00e7a e habilitar acesso \u00e1 todas as funcionalidades da aplica\u00e7\u00e3o.<\/p>\n<p class=\"font_8\">A central APFumo coleta e armazena em servidor contratado pela APFumo dados de telemetria da estufa, para fins de melhorias do equipamento e hist\u00f3rico de medi\u00e7\u00f5es apresentados no aplicativo do celular do cliente. Essas informa\u00e7\u00f5es s\u00f3 podem ser visualizadas pela APFumo e ou pelo dono do equipamento. Essas informa\u00e7\u00f5es podem ser repassadas para terceiros de forma anonimizada n\u00e3o permitindo identificar o local no qual foi realizado as medi\u00e7\u00f5es, para estudo e pesquisa do processo de secagem da fumicultura.<\/p>\n<h6 class=\"font_6\">Sobre<\/h6>\n<p class=\"font_8\">App para monitoramento de estufa \u00e9 de desenvolvimento pr\u00f3prio do APFumo.<\/p>\n<p class=\"font_8\">A aplica\u00e7\u00e3o tem o objetivo de interfacear os dados coletados atrav\u00e9s do dispositivo IoT conectado na Internet<\/p>\n<h6 class=\"font_6\">Contato<\/h6>\n<p class=\"font_8\">Se voc\u00ea tiver alguma d\u00favida ou sugest\u00e3o sobre nossa Pol\u00edtica de Privacidade, n\u00e3o hesite em nos contatar.<\/p>\n<p class=\"font_8\">dev.kleber@gmail.com<\/p>\n<p><!-- \/wp:paragraph --><\/p>\t\t\t\t\t\t<\/div>\n\t\t\t\t<\/div>\n\t\t\t\t\t<\/div>\n\t\t<\/div>\n\t\t\t\t\t<\/div>\n\t\t<\/section>\n\t\t\t\t<\/div>\n\t\t","protected":false},"excerpt":{"rendered":"<p>Pol\u00edtica de Privacidade A sua privacidade \u00e9 importante para n\u00f3s. \u00c9 pol\u00edtica do APFumo respeitar a sua privacidade em rela\u00e7\u00e3o a qualquer informa\u00e7\u00e3o sua que possamos coletar no site, e outros sites que possu\u00edmos e operamos. Solicitamos informa\u00e7\u00f5es pessoais apenas quando realmente precisamos delas para lhe fornecer um servi\u00e7o. Fazemo-lo por meios justos e legais,&hellip;<\/p>\n","protected":false},"author":1,"featured_media":0,"parent":0,"menu_order":0,"comment_status":"closed","ping_status":"closed","template":"","meta":{"_themeisle_gutenberg_block_has_review":false,"jetpack_post_was_ever_published":false,"_ti_tpc_template_sync":false,"_ti_tpc_template_id":"","footnotes":""},"aioseo_notices":[],"jetpack-related-posts":[],"_links":{"self":[{"href":"https:\/\/fumicultura.com.br\/en\/wp-json\/wp\/v2\/pages\/3"}],"collection":[{"href":"https:\/\/fumicultura.com.br\/en\/wp-json\/wp\/v2\/pages"}],"about":[{"href":"https:\/\/fumicultura.com.br\/en\/wp-json\/wp\/v2\/types\/page"}],"author":[{"embeddable":true,"href":"https:\/\/fumicultura.com.br\/en\/wp-json\/wp\/v2\/users\/1"}],"replies":[{"embeddable":true,"href":"https:\/\/fumicultura.com.br\/en\/wp-json\/wp\/v2\/comments?post=3"}],"version-history":[{"count":7,"href":"https:\/\/fumicultura.com.br\/en\/wp-json\/wp\/v2\/pages\/3\/revisions"}],"predecessor-version":[{"id":207,"href":"https:\/\/fumicultura.com.br\/en\/wp-json\/wp\/v2\/pages\/3\/revisions\/207"}],"wp:attachment":[{"href":"https:\/\/fumicultura.com.br\/en\/wp-json\/wp\/v2\/media?parent=3"}],"curies":[{"name":"wp","href":"https:\/\/api.w.org\/{rel}","templated":true}]}}