{"id":529,"date":"2016-02-20T23:49:41","date_gmt":"2016-02-21T01:49:41","guid":{"rendered":"http:\/\/totaltheme.wpengine.com\/sustainable\/?page_id=11"},"modified":"2024-07-07T17:02:01","modified_gmt":"2024-07-07T20:02:01","slug":"home","status":"publish","type":"page","link":"https:\/\/fumicultura.com.br\/en\/","title":{"rendered":"Home"},"content":{"rendered":"<section class=\"wpb-content-wrapper\">[vc_row full_width=&#8221;stretch_row&#8221; content_placement=&#8221;top&#8221; parallax=&#8221;content-moving-fade&#8221; parallax_image=&#8221;651&#8243; remove_bottom_col_margin=&#8221;true&#8221; wpex_bg_overlay=&#8221;dark&#8221; css=&#8221;.vc_custom_1693878231933{padding-top: 280px !important;padding-bottom: 100px !important;background-color: #ffffff !important;}&#8221; wpex_bg_overlay_color=&#8221;#000000&#8243; wpex_bg_overlay_opacity=&#8221;0.2&#8243;][vc_column css=&#8221;.vc_custom_1693878385391{background-color: rgba(2,2,2,0.01) !important;*background-color: rgb(2,2,2) !important;}&#8221;]<style>.vcex-heading.vcex_6a046e7503bd5 .vcex-heading-badge{background-color:rgba(221,153,51,0.48);}.vcex-heading.vcex_6a046e7503bd5{color:#ffffff;font-size:42px;}<\/style><h1 class=\"vcex-heading vcex-heading-plain vcex-heading-w-badge vcex-module wpex-heading wpex-text-2xl wpex-text-center  wpb_animate_when_almost_visible wpb_right-to-left right-to-left vc_custom_1720382386608 vcex_6a046e7503bd5\"><span class=\"vcex-heading-inner wpex-inline-block\">Monitoring and control device for tobacco drying oven <span class=\"vcex-heading-badge wpex-badge\">Monitor and control the Stove remotely<\/span><\/span><\/h1><div class=\"vcex-spacing wpex-w-100 wpex-clear\"><\/div><div class=\"theme-button-wrap textcenter wpex-clr\"><a href=\"https:\/\/fumicultura.com.br\/en\/contact\/\" class=\"vcex-button theme-button align-center inline\" style=\"background:#dd9933;font-size:18px;\" data-wpex-hover='{&quot;background&quot;:&quot;#dd9933&quot;}' title=\"Aparelho de teste\" target=\"_blank\" rel=\"sponsored noopener noreferrer\" aria-label=\"Validation page\"><span class=\"vcex-button-inner theme-button-inner\">Validation<\/span><\/a><\/div> [\/vc_column][\/vc_row][vc_row css=&#8221;.vc_custom_1489873370094{padding-top: 60px !important;padding-bottom: 20px !important;}&#8221;][vc_column width=&#8221;2\/5&#8243;][vc_single_image image=&#8221;804&#8243; img_size=&#8221;400&#215;460&#8243; css_animation=&#8221;bottom-to-top&#8221; alignment=&#8221;center&#8221; title=&#8221;Controlador APFumo&#8221;][\/vc_column][vc_column width=&#8221;3\/5&#8243;]<style>.vcex-heading.vcex_6a046e7507497{font-size:32px;line-height:1.2em;}<\/style><h2 class=\"vcex-heading vcex-heading-plain vcex-module wpex-heading wpex-text-2xl vcex_6a046e7507497\"><span class=\"vcex-heading-inner wpex-inline-block\">Tenha o  <span style=\"color:#F39325\">monitoramento e controle<\/span> da estufa de fumo em suas m\u00e3os!<\/span><\/h2><style> style=\"height:20px;\"<\/style><div class=\"vcex-spacing wpex-w-100 wpex-clear\" style=\"height:20px;\"><\/div>[vc_column_text font_size=&#8221;18&#8243;]Atrav\u00e9s do aplicativo para celulares Android, \u00e9 poss\u00edvel visualizar na tela do seu celular atrav\u00e9s da internet os dados de leitura de temperatura e umidade em tempo real das estufas de fumo.[\/vc_column_text]<style> style=\"height:20px;\"<\/style><div class=\"vcex-spacing wpex-w-100 wpex-clear\" style=\"height:20px;\"><\/div><h3 class=\"vcex-heading vcex-heading-plain vcex-module wpex-heading wpex-text-2xl\"><span class=\"vcex-heading-inner wpex-inline-block\">No seu celular voc\u00ea consegue:<\/span><\/h3><style> style=\"height:20px;\"<\/style><div class=\"vcex-spacing wpex-w-100 wpex-clear\" style=\"height:20px;\"><\/div><style>.vcex-bullets.vcex_6a046e7508600{font-size:18px;}<\/style><div class=\"vcex-module vcex-bullets custom-icon vcex_6a046e7508600\">\n<ul>\n<li><div class=\"vcex-bullets-ci-wrap wpex-inline-flex\"><span class=\"vcex-bullets-icon-wrap vcex-icon-wrap wpex-mr-10\"><span class=\"vcex-bullets-icon vcex-icon ticon ticon-check-circle\" aria-hidden=\"true\"><\/span><\/span><div class=\"vcex-content wpex-flex-grow\">Acompanhar em tempo real as medi\u00e7\u00f5es de temperatura e umidade;<\/div><\/div><\/li>\n<li><div class=\"vcex-bullets-ci-wrap wpex-inline-flex\"><span class=\"vcex-bullets-icon-wrap vcex-icon-wrap wpex-mr-10\"><span class=\"vcex-bullets-icon vcex-icon ticon ticon-check-circle\" aria-hidden=\"true\"><\/span><\/span><div class=\"vcex-content wpex-flex-grow\">Receber alerta de temperatura e ou umidade quando estiver baixo ou alto;<\/div><\/div><\/li>\n<li><div class=\"vcex-bullets-ci-wrap wpex-inline-flex\"><span class=\"vcex-bullets-icon-wrap vcex-icon-wrap wpex-mr-10\"><span class=\"vcex-bullets-icon vcex-icon ticon ticon-check-circle\" aria-hidden=\"true\"><\/span><\/span><div class=\"vcex-content wpex-flex-grow\">Receber alerta de quando perder a comunica\u00e7\u00e3o com a estufa por falta de energia;<\/div><\/div><\/li>\n<li><div class=\"vcex-bullets-ci-wrap wpex-inline-flex\"><span class=\"vcex-bullets-icon-wrap vcex-icon-wrap wpex-mr-10\"><span class=\"vcex-bullets-icon vcex-icon ticon ticon-check-circle\" aria-hidden=\"true\"><\/span><\/span><div class=\"vcex-content wpex-flex-grow\">Alterar remotamente dos par\u00e2metros de temperatura e umidade durante a secagem;<\/div><\/div><\/li>\n<li><div class=\"vcex-bullets-ci-wrap wpex-inline-flex\"><span class=\"vcex-bullets-icon-wrap vcex-icon-wrap wpex-mr-10\"><span class=\"vcex-bullets-icon vcex-icon ticon ticon-check-circle\" aria-hidden=\"true\"><\/span><\/span><div class=\"vcex-content wpex-flex-grow\">Visualizar de forma f\u00e1cil o hist\u00f3rico de temperatura e umidade;<\/div><\/div><\/li>\n<li><div class=\"vcex-bullets-ci-wrap wpex-inline-flex\"><span class=\"vcex-bullets-icon-wrap vcex-icon-wrap wpex-mr-10\"><span class=\"vcex-bullets-icon vcex-icon ticon ticon-check-circle\" aria-hidden=\"true\"><\/span><\/span><div class=\"vcex-content wpex-flex-grow\">Monitorar e ou Controlar v\u00e1rias estufas ao mesmo tempo.<\/div><\/div><\/li>\n<\/ul>\n<\/div>[\/vc_column][\/vc_row][vc_row css=&#8221;.vc_custom_1693792646212{padding-top: 20px !important;padding-bottom: 20px !important;}&#8221;][vc_column]<style>.vcex-heading.vcex_6a046e7508cfd{font-size:32px;line-height:1.2em;}<\/style><h2 class=\"vcex-heading vcex-heading-plain vcex-module wpex-heading wpex-text-2xl vcex_6a046e7508cfd\"><span class=\"vcex-heading-inner wpex-inline-block\">Instala\u00e7\u00e3o  <span style=\"color:#F39325\">simplificada<\/span>!<\/span><\/h2><style> style=\"height:20px;\"<\/style><div class=\"vcex-spacing wpex-w-100 wpex-clear\" style=\"height:20px;\"><\/div>[vc_column_text font_size=&#8221;18&#8243;]O aparelho controlador de temperatura e umidade para estufas de fumo est\u00e1 sendo desenvolvido para ser de f\u00e1cil instala\u00e7\u00e3o,\u00a0 podendo ser montado facilmente por um profissional com conhecimento em el\u00e9trica seguindo os seguintes passos:[\/vc_column_text]<style> style=\"height:20px;\"<\/style><div class=\"vcex-spacing wpex-w-100 wpex-clear\" style=\"height:20px;\"><\/div><h3 class=\"vcex-heading vcex-heading-plain vcex-module wpex-heading wpex-text-2xl\"><span class=\"vcex-heading-inner wpex-inline-block\">No seu celular voc\u00ea consegue:<\/span><\/h3><style> style=\"height:20px;\"<\/style><div class=\"vcex-spacing wpex-w-100 wpex-clear\" style=\"height:20px;\"><\/div><style>.vcex-bullets.vcex_6a046e7509aad{font-size:18px;}<\/style><div class=\"vcex-module vcex-bullets vcex-bullets-ni vcex_6a046e7509aad\">\n<ol>\n<li>Fixar os sensores na sa\u00edda do sistema de exaust\u00e3o da estufa de tabaco, ou no lugar recomendado pelo fabricante da estufa;<\/li>\n<li>Fixar a central no lado externo da estufa pr\u00f3ximo de uma tomada 127V, 220V ou 254V;<\/li>\n<li>Conectar os sensores no aparelho\u00a0 ;<\/li>\n<li>Conectar a alimenta\u00e7\u00e3o de energia 127\/220\/254V do exaustor da Fornalha e o acionamento do Flap de controle de umidade 12V;<\/li>\n<li>Conectar o cabo de rede de internet para ser feito o monitoramento por celular;<\/li>\n<li>Instalar a partir da Play Store o aplicativo para celulares Android;<\/li>\n<li>Executar o procedimento simplificado de cadastro da estufa no aplicativo;<\/li>\n<li>Pronto, seu equipamento j\u00e1 pode ser monitorado e controlado remotamente pelo seu celular atrav\u00e9s da Internet.<\/li>\n<\/ol>\n<\/div>[\/vc_column][\/vc_row][vc_row full_width=&#8221;stretch_row&#8221; parallax=&#8221;content-moving-fade&#8221; parallax_image=&#8221;649&#8243; wpex_post_thumbnail_bg=&#8221;true&#8221; wpex_bg_overlay=&#8221;color&#8221; css=&#8221;.vc_custom_1693699757351{padding-top: 60px !important;padding-right: 100px !important;padding-bottom: 40px !important;padding-left: 100px !important;background-color: rgba(91,62,34,0.56) !important;*background-color: rgb(91,62,34) !important;}&#8221; wpex_bg_overlay_color=&#8221;rgba(91,62,34,0.74)&#8221; wpex_bg_overlay_opacity=&#8221;0.8&#8243;][vc_column css=&#8221;.vc_custom_1693699641468{padding-top: 0px !important;padding-right: 0px !important;padding-bottom: 0px !important;padding-left: 0px !important;}&#8221;]<div class=\"vcex-spacing wpex-w-100 wpex-clear\"><\/div><div class=\"vcex-grid-container vcex-module wpex-grid wpex-gap-20 wpex-mx-auto wpex-grid-cols-1 wpex-md-grid-cols-3 vc_custom_1693699767577\" style=\"gap:40px;max-width:1060px;\"><div class=\"vcex-module vcex-icon-box vcex-icon-box-two wpex-block wpex-text-center\"><div class=\"vcex-icon-box-symbol wpex-mb-20\"><div class=\"vcex-icon-box-icon wpex-inline-flex wpex-items-center wpex-justify-center wpex-child-inherit-color wpex-text-center wpex-leading-none wpex-text-1\" style=\"color:#ffffff;font-size:32px;border-radius:48px;background:#5b3e22;width:80px;height:80px;\"><span aria-hidden=\"true\" class=\"typcn typcn-cog-outline\"><\/span><\/div><\/div><div class=\"vcex-icon-box-text\"><h2 class=\"vcex-icon-box-heading wpex-heading wpex-mb-10\" style=\"font-weight:600;color:#ffffff;--wpex-hover-heading-link-color:#ffffff;font-size:21px;\">Sensores<\/h2><div class=\"vcex-icon-box-content wpex-last-mb-0 wpex-clr\" style=\"color:#ffffff;font-size:18px;font-weight:400;\"><p>Op\u00e7\u00e3o de sensor bulbo \u00famido e bulbo seco e sensor eletr\u00f4nico para umidade relativa<\/p>\n<\/div><\/div><\/div><div class=\"vcex-module vcex-icon-box vcex-icon-box-two wpex-block wpex-text-center\"><div class=\"vcex-icon-box-symbol wpex-mb-20\"><div class=\"vcex-icon-box-icon wpex-inline-flex wpex-items-center wpex-justify-center wpex-child-inherit-color wpex-text-center wpex-leading-none wpex-text-1\" style=\"color:#ffffff;font-size:36px;border-radius:50%;background:#5b3e22;width:80px;height:80px;\"><span aria-hidden=\"true\" class=\"typcn typcn-device-tablet\"><\/span><\/div><\/div><div class=\"vcex-icon-box-text\"><h2 class=\"vcex-icon-box-heading wpex-heading wpex-mb-10\" style=\"font-weight:600;color:#ffffff;--wpex-hover-heading-link-color:#ffffff;font-size:21px;\">Celular<\/h2><div class=\"vcex-icon-box-content wpex-last-mb-0 wpex-clr\" style=\"color:#ffffff;font-size:18px;font-weight:400;\"><p>Alerta, Monitoramento e Controle da estufa atrav\u00e9s do seu celular<\/p>\n<\/div><\/div><\/div><div class=\"vcex-module vcex-icon-box vcex-icon-box-two wpex-block wpex-text-center\"><div class=\"vcex-icon-box-symbol wpex-mb-20\"><div class=\"vcex-icon-box-icon wpex-inline-flex wpex-items-center wpex-justify-center wpex-child-inherit-color wpex-text-center wpex-leading-none wpex-text-1\" style=\"color:#ffffff;font-size:34px;border-radius:50%;background:#5b3e22;width:80px;height:80px;\"><span aria-hidden=\"true\" class=\"typcn typcn-chart-line-outline\"><\/span><\/div><\/div><div class=\"vcex-icon-box-text\"><h2 class=\"vcex-icon-box-heading wpex-heading wpex-mb-10\" style=\"font-weight:600;color:#ffffff;--wpex-hover-heading-link-color:#ffffff;font-size:21px;\">Hist\u00f3rico<\/h2><div class=\"vcex-icon-box-content wpex-last-mb-0 wpex-clr\" style=\"color:#ffffff;font-size:18px;font-weight:400;\"><p>Consulte o hist\u00f3rico de temperatura e umidade da sua estufa no celular<\/p>\n<\/div><\/div><\/div><\/div>[\/vc_column][\/vc_row][vc_row css=&#8221;.vc_custom_1693792562522{padding-top: 40px !important;padding-bottom: 20px !important;}&#8221;][vc_column]<style>.vcex-heading.vcex_6a046e750dd84{font-size:32px;line-height:1.2em;}<\/style><h2 class=\"vcex-heading vcex-heading-plain vcex-module wpex-heading wpex-text-2xl vcex_6a046e750dd84\"><span class=\"vcex-heading-inner wpex-inline-block\"><span style=\"color:#F39325\">Desenvolvimento <\/span> aparelho<\/span><\/h2><style> style=\"height:20px;\"<\/style><div class=\"vcex-spacing wpex-w-100 wpex-clear\" style=\"height:20px;\"><\/div>[vc_column_text font_size=&#8221;18&#8243;]Atualmente, estamos na etapa final de desenvolvimento do equipamento que permitir\u00e1 o controle da temperatura e umidade das estufas de fumo. Esse controle ser\u00e1 feito atrav\u00e9s da abertura automatizada e precisa dos flaps, combinada com o acionamento do sistema de exaust\u00e3o da fornalha.<\/p>\n<p>Os par\u00e2metros de temperatura e umidade poder\u00e3o ser acessados e ajustados diretamente no painel do dispositivo ou de forma remota, utilizando aplicativos para dispositivos m\u00f3veis Android.<\/p>\n<p>Neste momento, estamos procurando por parceiros interessados em testar nosso produto. Se voc\u00ea estiver interessado em colaborar conosco nessa fase de teste, por favor, entre em contato. Estamos animados para trabalhar em conjunto e aprimorar ainda mais essa solu\u00e7\u00e3o para estufas de secagem do fumo.[\/vc_column_text]<style> style=\"height:20px;\"<\/style><div class=\"vcex-spacing wpex-w-100 wpex-clear\" style=\"height:20px;\"><\/div><div class=\"vcex-heading vcex-heading-plain vcex-module wpex-heading wpex-text-2xl wpex-text-center\"><span class=\"vcex-heading-inner wpex-inline-block\">Entre em contato pelo WhatsApp ou por e-mail para mais informa\u00e7\u00f5es<\/span><\/div><style> style=\"height:20px;\"<\/style><div class=\"vcex-spacing wpex-w-100 wpex-clear\" style=\"height:20px;\"><\/div><div class=\"theme-button-wrap textcenter wpex-clr\"><a href=\"https:\/\/fumicultura.com.br\/en\/contato\/\" class=\"vcex-button theme-button align-center inline\" style=\"font-size:18px;font-weight:400;\"><span class=\"vcex-button-inner theme-button-inner\">Contato<\/span><\/a><\/div> [\/vc_column][\/vc_row]\n<\/section>","protected":false},"excerpt":{"rendered":"<p>[vc_row full_width=&#8221;stretch_row&#8221; content_placement=&#8221;top&#8221; parallax=&#8221;content-moving-fade&#8221; parallax_image=&#8221;651&#8243; remove_bottom_col_margin=&#8221;true&#8221; wpex_bg_overlay=&#8221;dark&#8221; css=&#8221;.vc_custom_1693878231933{padding-top: 280px !important;padding-bottom: 100px !important;background-color: #ffffff !important;}&#8221; wpex_bg_overlay_color=&#8221;#000000&#8243; wpex_bg_overlay_opacity=&#8221;0.2&#8243;][vc_column css=&#8221;.vc_custom_1693878385391{background-color: rgba(2,2,2,0.01) !important;*background-color: rgb(2,2,2) !important;}&#8221;][\/vc_column][\/vc_row][vc_row css=&#8221;.vc_custom_1489873370094{padding-top: 60px !important;padding-bottom: 20px !important;}&#8221;][vc_column width=&#8221;2\/5&#8243;][vc_single_image image=&#8221;804&#8243; img_size=&#8221;400&#215;460&#8243; css_animation=&#8221;bottom-to-top&#8221; alignment=&#8221;center&#8221; title=&#8221;Controlador APFumo&#8221;][\/vc_column][vc_column width=&#8221;3\/5&#8243;][vc_column_text font_size=&#8221;18&#8243;]Atrav\u00e9s do aplicativo para celulares Android, \u00e9 poss\u00edvel visualizar na tela do seu celular atrav\u00e9s da internet os dados de leitura&hellip;<\/p>\n","protected":false},"author":1,"featured_media":0,"parent":0,"menu_order":0,"comment_status":"closed","ping_status":"closed","template":"","meta":{"_themeisle_gutenberg_block_has_review":false,"jetpack_post_was_ever_published":false,"_ti_tpc_template_sync":false,"_ti_tpc_template_id":"","footnotes":""},"aioseo_notices":[],"jetpack-related-posts":[],"_links":{"self":[{"href":"https:\/\/fumicultura.com.br\/en\/wp-json\/wp\/v2\/pages\/529"}],"collection":[{"href":"https:\/\/fumicultura.com.br\/en\/wp-json\/wp\/v2\/pages"}],"about":[{"href":"https:\/\/fumicultura.com.br\/en\/wp-json\/wp\/v2\/types\/page"}],"author":[{"embeddable":true,"href":"https:\/\/fumicultura.com.br\/en\/wp-json\/wp\/v2\/users\/1"}],"replies":[{"embeddable":true,"href":"https:\/\/fumicultura.com.br\/en\/wp-json\/wp\/v2\/comments?post=529"}],"version-history":[{"count":120,"href":"https:\/\/fumicultura.com.br\/en\/wp-json\/wp\/v2\/pages\/529\/revisions"}],"predecessor-version":[{"id":856,"href":"https:\/\/fumicultura.com.br\/en\/wp-json\/wp\/v2\/pages\/529\/revisions\/856"}],"wp:attachment":[{"href":"https:\/\/fumicultura.com.br\/en\/wp-json\/wp\/v2\/media?parent=529"}],"curies":[{"name":"wp","href":"https:\/\/api.w.org\/{rel}","templated":true}]}}